{"id":2,"date":"2025-01-25T08:38:45","date_gmt":"2025-01-25T08:38:45","guid":{"rendered":"https:\/\/pottyostojas.hu\/?page_id=2"},"modified":"2026-03-14T13:35:11","modified_gmt":"2026-03-14T13:35:11","slug":"furjtojas","status":"publish","type":"page","link":"https:\/\/pottyostojas.hu\/","title":{"rendered":"A f\u00fcrjtoj\u00e1sr\u00f3l"},"content":{"rendered":"\t\t<div data-elementor-type=\"wp-page\" data-elementor-id=\"2\" class=\"elementor elementor-2\">\n\t\t\t\t<div class=\"elementor-element elementor-element-6fe89f4 e-con-full e-flex e-con e-parent\" data-id=\"6fe89f4\" data-element_type=\"container\" data-e-type=\"container\">\n\t\t\t\t<div class=\"elementor-element elementor-element-9c74abd elementor-widget elementor-widget-heading\" data-id=\"9c74abd\" data-element_type=\"widget\" data-e-type=\"widget\" data-widget_type=\"heading.default\">\n\t\t\t\t<div class=\"elementor-widget-container\">\n\t\t\t\t\t<h2 class=\"elementor-heading-title elementor-size-default\">\u00dcdv\u00f6z\u00f6llek!<\/h2>\t\t\t\t<\/div>\n\t\t\t\t<\/div>\n\t\t\t\t<\/div>\n\t\t<div class=\"elementor-element elementor-element-f2af795 e-flex e-con-boxed e-con e-parent\" data-id=\"f2af795\" data-element_type=\"container\" data-e-type=\"container\">\n\t\t\t\t\t<div class=\"e-con-inner\">\n\t\t\t\t<div class=\"elementor-element elementor-element-9a7c53a elementor-widget elementor-widget-text-editor\" data-id=\"9a7c53a\" data-element_type=\"widget\" data-e-type=\"widget\" data-widget_type=\"text-editor.default\">\n\t\t\t\t<div class=\"elementor-widget-container\">\n\t\t\t\t\t\t\t\t\t<p><strong>A F\u00fcrjtoj\u00e1s j\u00f3t\u00e9kony hat\u00e1sa<\/strong><\/p><p>\u00a0<\/p><p><img fetchpriority=\"high\" decoding=\"async\" class=\"size-medium wp-image-13 aligncenter\" src=\"https:\/\/pottyostojas.hu\/wp-content\/uploads\/2025\/01\/Gemini_Generated_Image_okgmnlokgmnlokgm-300x300.jpeg\" alt=\"\" width=\"300\" height=\"300\" srcset=\"https:\/\/pottyostojas.hu\/wp-content\/uploads\/2025\/01\/Gemini_Generated_Image_okgmnlokgmnlokgm-300x300.jpeg 300w, https:\/\/pottyostojas.hu\/wp-content\/uploads\/2025\/01\/Gemini_Generated_Image_okgmnlokgmnlokgm-1024x1024.jpeg 1024w, https:\/\/pottyostojas.hu\/wp-content\/uploads\/2025\/01\/Gemini_Generated_Image_okgmnlokgmnlokgm-150x150.jpeg 150w, https:\/\/pottyostojas.hu\/wp-content\/uploads\/2025\/01\/Gemini_Generated_Image_okgmnlokgmnlokgm-768x768.jpeg 768w, https:\/\/pottyostojas.hu\/wp-content\/uploads\/2025\/01\/Gemini_Generated_Image_okgmnlokgmnlokgm-1536x1536.jpeg 1536w, https:\/\/pottyostojas.hu\/wp-content\/uploads\/2025\/01\/Gemini_Generated_Image_okgmnlokgmnlokgm-600x600.jpeg 600w, https:\/\/pottyostojas.hu\/wp-content\/uploads\/2025\/01\/Gemini_Generated_Image_okgmnlokgmnlokgm.jpeg 2048w\" sizes=\"(max-width: 300px) 100vw, 300px\" \/><\/p><p>\u00a0<\/p><p><strong>\u00c1ltal\u00e1nos tudnival\u00f3k<\/strong><\/p><p>A f\u00fcrjtoj\u00e1s \u00ednyencs\u00e9gnek sz\u00e1m\u00edt\u00f3 toj\u00e1sfajta.A f\u00fcrjtoj\u00e1s igen apr\u00f3 m\u00e9ret\u0171, h\u00e9ja feh\u00e9r alapon barna pettyes, ami a leggyakoribb, de a sz\u00edne \u00e9s rajzolata mind\u00edg m\u00e1s, alakja megegyezik a norm\u00e1l toj\u00e1s\u00e9val.<br \/>Egy toj\u00e1s s\u00falya kb. 10 gramm, energiatartalma 15 kcal. M\u00e9ret\u00e9t \u00e9s bel tartalm\u00e1t tekintve egy ty\u00faktoj\u00e1s 4-5 darab f\u00fcrjtoj\u00e1snak felel meg, viszont a f\u00fcrjtoj\u00e1snak j\u00f3val nagyobb a vitamin\u00e9rt\u00e9ke. Minim\u00e1lis koleszterintartalma miatt nyugodtan fogyaszthat\u00f3 nyersen is. Helyesen t\u00e1rolt s\u00e9r\u00fcl\u00e9s mentes f\u00fcrjtoj\u00e1s szobah\u0151m\u00e9rs\u00e9kleten 1 h\u00f3napig, h\u0171t\u0151ben ak\u00e1r 2 h\u00f3napig is t\u00e1rolhat\u00f3.<\/p><p><strong><br \/>F\u00fcrjtoj\u00e1s \u00c9lettani hat\u00e1sa<\/strong><\/p><p>A jap\u00e1n f\u00fcrjtoj\u00e1s a legeg\u00e9szs\u00e9gesebb az \u00f6sszes fogyaszthat\u00f3 h\u00e1zisz\u00e1rnyasok k\u00f6z\u00fcl. Min\u00e9l term\u00e9szetesebb k\u00f6r\u00fclm\u00e9nyek k\u00f6zt \u00e9l a mad\u00e1r, ann\u00e1l t\u00e1pl\u00e1l\u00f3bb. A f\u00fcrjtoj\u00e1s r\u00e9szei az emberi szervezetben ott koncentr\u00e1l\u00f3dik ahol sz\u00fcks\u00e9g van r\u00e1 \u00e9s minden hi\u00e1nyoss\u00e1got ami az emberi szervezetb\u0151l hi\u00e1nyzik teljes m\u00e9rt\u00e9kben kip\u00f3tolja. Viszont ahhoz, hogy a hat\u00e1s \u00e9rezhet\u0151v\u00e9 v\u00e1ljon a doh\u00e1nyz\u00e1st, a koffein \u2013 \u00e9s az alkohol tartalm\u00fa italokat el kell hagyni!!A f\u00fcrjtoj\u00e1st fogyaszthatjuk s\u00fctve,f\u0151zve de az igazi hat\u00e1st nyersen \u00e9rhetj\u00fck el. Gyerekeknek, feln\u0151tteknek, id\u0151seknek \u00e9s betegeknek is aj\u00e1nlott fogyaszt\u00e1sa.<\/p><p><strong><br \/>Hogy mi\u00e9rt?<\/strong><\/p><p><strong>A test er\u0151s\u00edt\u00e9se \u00e9s az immunrendszer egyens\u00faly\u00e1nak helyre\u00e1ll\u00edt\u00e1sa<\/strong><\/p><p>Ha a sz\u00fcks\u00e9ges anyagok hi\u00e1nyoznak az emberi szervezetb\u0151l, k\u00fcl\u00f6nb\u00f6z\u0151 betegs\u00e9gek kialakul\u00e1s\u00e1hoz \u00e9s az immunrendszer gyeng\u00fcl\u00e9s\u00e9hez vezethet. Gy\u00f3gy\u00edt\u00e1sa\u00a0 nagymennyis\u00e9g\u0171 term\u00e9szetes vitaminok \u00e9s aminosavak rendszeres haszn\u00e1lat\u00e1val t\u00f6rt\u00e9nhet meg. Ezen anyagok term\u00e9szetes bevitel\u00e9re a f\u00fcrjtoj\u00e1s a legalkalmasabb. Rendszeres fogyaszt\u00e1sa mellet a hasznos anyagok felgy\u00fclemlenek a szervezetben ez\u00e1ltal az immunrendszer meger\u0151s\u00f6dik \u00e9s a k\u00fcl\u00f6nf\u00e9le betegs\u00e9gek megsz\u0171nnek.<\/p><p>&#8211;\u00a0\u00a0 R\u00e1k ellen klinikai kutat\u00e1sok szerint az orvosok \u00fagy v\u00e9lik hogy a f\u00fcrjtoj\u00e1s \u00f6sszet\u00e9tel\u00e9ben l\u00e9v\u0151 \u00f6sszetev\u0151k alkalmaz\u00e1s\u00e1val igen eredm\u00e9nyes hat\u00e1st \u00e9rnek el e betegs\u00e9g gy\u00f3gy\u00edt\u00e1s\u00e1ban. V\u00e9lem\u00e9ny\u00fck szerint az a n\u0151 aki rendszeresen, megszak\u00edt\u00e1s n\u00e9lk\u00fcl fogyaszt f\u00fcrjtoj\u00e1st v\u00e9dett lesz az eml\u0151r\u00e1kkal szemben is.<\/p><p>&#8211;\u00a0 \u00a0 Az immunit\u00e1st, az em\u00e9szt\u0151rendszer \u00e9s a sz\u00edv-\u00e9s \u00e9rrendszer tev\u00e9kenys\u00e9g\u00e9t normaliz\u00e1lja.<\/p><p>&#8211;\u00a0\u00a0\u00a0 Folyamatban l\u00e9v\u0151 akut \u00e9s l\u00e9gz\u0151szervi fert\u0151z\u00e9seket gyerekekn\u00e9l megsz\u00fcnteti. (n\u00e1tha,influenza)<\/p><p>&#8211;\u00a0 \u00a0 Az asztma, a kr\u00f3nikus epeh\u00f3lyag-gyullad\u00e1s, az idegrendszer \u00e9s a sz\u00edvbetegs\u00e9g is kezelhet\u0151.<\/p><p>&#8211;\u00a0\u00a0\u00a0 J\u00f3 hat\u00e1ssal van a cukorbetegekre is. (CSAK nat\u00far toj\u00e1s fogyaszt\u00e1s\u00e1n\u00e1l)<\/p><p>&#8211;\u00a0\u00a0\u00a0 \u00c1llapotos n\u0151k fog\u00e1t \u00e9s csontozat\u00e1t nagym\u00e9rt\u00e9kben meger\u0151s\u00edti. (ha 1 toj\u00e1s h\u00e9j\u00e1t lisztporr\u00e1 \u0151r\u00f6lj\u00fck \u00e9s egy poh\u00e1r v\u00edzzel naponta k\u00e9tszer fogyasztjuk.)<\/p><p>&#8211;\u00a0\u00a0\u00a0 Fogyaszt\u00e1sa fogszuvasod\u00e1sra \u00e9s hajhull\u00e1sra is j\u00f3.<\/p><p><strong>A f\u00fcrjtoj\u00e1s friss\u00edt<\/strong><\/p><p>A f\u00fcrj toj\u00e1sa \u00e9s h\u00fasa egyar\u00e1nt\u00a0 aj\u00e1nlott fogyaszt\u00e1sra mivel magas vitamin-tartalma el\u0151seg\u00edti az agy jobb m\u0171k\u00f6d\u00e9s\u00e9t.<\/p><p>&#8211;\u00a0\u00a0\u00a0 Pozit\u00edvan befoly\u00e1solja a gyerekek szellemi fejl\u0151d\u00e9s\u00e9t.<\/p><p>&#8211;\u00a0\u00a0\u00a0 Az a szem\u00e9ly aki rendszeresen fogyaszt f\u00fcrjtoj\u00e1st, nyugodtabb \u00e9s kiegyens\u00falyozottabb lesz.<\/p><p>&#8211;\u00a0\u00a0\u00a0 A nagymennyis\u00e9g\u0171 foszfor, k\u00e1lium \u00e9s vas jav\u00edtja a mem\u00f3ri\u00e1t.\u00a0<\/p><p><strong>A f\u00fcrjtoj\u00e1s er\u0151s\u00edt \u00e9s m\u00e9regtelen\u00edt<\/strong><\/p><p>A f\u00fcrjtoj\u00e1s el\u0151seg\u00edti a m\u00e9rgek elt\u00e1vol\u00edt\u00e1s\u00e1t a testb\u0151l, er\u0151s\u00edti a csontokat, a prosztata, sz\u00edv-, m\u00e1j-, vese-, gyomor-, hasny\u00e1lmirigy \u00e9s m\u00e1s l\u00e9tfontoss\u00e1g\u00fa szervek gy\u00f3gy\u00edt\u00e1s\u00e1t. Nincs ellenjavallat a fogyaszt\u00e1s\u00e1val\u00a0 kapcsolatban mert ellent\u00e9tben a csirketoj\u00e1ssal a f\u00fcrjtoj\u00e1s nem emeli meg a koleszterin szintet. <br \/><strong>F\u0151 el\u0151nye, hogy a f\u00fcrjnek sem a toj\u00e1sa sem a h\u00fasa nem tartalmaz szalmonell\u00e1t.<\/strong><\/p><p>\u00b7\u00a0\u00a0 \u00a0A fejl\u0151d\u00e9sben l\u00e9v\u0151 gyerekek csontozat\u00e1t meger\u0151s\u00edti.<\/p><p>\u00b7\u00a0\u00a0 \u00a0Az emberi szervezet b\u00e1rmely allergi\u00e1t el\u0151id\u00e9z\u0151 t\u00e1rgyra, n\u00f6v\u00e9nyre, \u00e9l\u0151l\u00e9nyre immunis lesz vagy legal\u00e1bbis j\u00f3val nehezebben lesz fog\u00e9kony.<\/p><p>\u00b7\u00a0\u00a0 \u00a0Asztm\u00e1soknak a f\u00fcrjtoj\u00e1s mellet a f\u00fcrj h\u00fas\u00e1nak fogyaszt\u00e1sa is aj\u00e1nlatos a k\u00edv\u00e1nt hat\u00e1s maxim\u00e1lis el\u00e9r\u00e9se \u00e9rdek\u00e9ben.<\/p><p>\u00b7\u00a0\u00a0 \u00a0Csontritkul\u00e1sban szenved\u0151knek is aj\u00e1nlott fogyasztani a f\u00fcrjtoj\u00e1st. ( Tejjel keverve 5db. nyers toj\u00e1s vagy sajttal 10db. f\u0151tt toj\u00e1s)<\/p><p>\u00b7\u00a0\u00a0 \u00a0\u00c1rtalmas sug\u00e1rz\u00e1s ellen v\u00e9delmet ny\u00fajt. Akit viszont s\u00falyos sug\u00e1rz\u00e1s \u00e9r napi kb. 30 db. f\u00fcrjtoj\u00e1s aj\u00e1nlatos fogyasztani.<\/p><p>\u00b7\u00a0\u00a0 \u00a0Term\u00e9szetes Viagrak\u00e9nt is szolg\u00e1l mivel sok foszfort, nyomelemet, vasat \u00e9s B1, B\u201d vitamint is tartalmaz.<\/p><p><strong>Mindezt \u00f6sszes\u00edtve teh\u00e1t a f\u00fcrjtoj\u00e1s, val\u00f3ban a sz\u00e1rnyasok toj\u00e1saib\u00f3l a legfinomabb \u00e9s legeg\u00e9szs\u00e9gesebb toj\u00e1s.<\/strong> <strong>Nemcsak immuner\u0151s\u00edt\u0151 de a legt\u00f6bb betegs\u00e9get gy\u00f3gy\u00edtja, s\u0151t megel\u0151zhet\u0151 k\u00fara szer\u0171 fogyaszt\u00e1s\u00e1val.<\/strong> Fontos, hogy egyes betegs\u00e9gek eset\u00e9n az el\u0151\u00edrt mennyis\u00e9gn\u00e9l ne fogyasszunk kevesebbet, ha egy nap nem vitt\u00fck be a szervezetbe a megfelel\u0151 mennyis\u00e9get m\u00e1snap f\u00f6l\u00f6sleges kip\u00f3tolni a kimaradt adagot. Ha az el\u0151\u00edrt mennyis\u00e9gn\u00e9l t\u00f6bbet fogyasztunk egy\u00e1ltal\u00e1n nem probl\u00e9ma, de ne vigy\u00fck t\u00falz\u00e1sba.\u00a0 Fogyaszt\u00e1sa ORVOSILAG aj\u00e1nlott!<\/p><p>\u00a0Forr\u00e1s: www.japanfurj.webatu.com oldalr\u00f3l.<\/p><p><span class=\"userContent\"><strong>Gy\u00f3gyhat\u00e1s\u00fa-e a f\u00fcrjtoj\u00e1s?<\/strong><\/span><\/p><p>Sok fogyaszt\u00f3 \u00e9s kutat\u00f3 \u00e1ll\u00edtja,hogy a f\u00fcrjtoj\u00e1snak igen kedvez\u0151 hat\u00e1sa van a sz\u00edvre, m\u00e1jra, ves\u00e9re, gyomorra \u00e9s a v\u00e9rkering\u00e9sre.<br \/>Cs\u00f6kkenti a magas v\u00e9rnyom\u00e1st, de hat\u00e1sos a gyomorfek\u00e9lyre, \u00e9relmeszesed\u00e9sre, cukor<span class=\"text_exposed_show\">betegs\u00e9gre, v\u00e9rszeg\u00e9nys\u00e9gre, asztm\u00e1ra, t\u00fcd\u0151bajra, fejf\u00e1j\u00e1sra, sz\u00edvinfarktusra.<br \/>Cs\u00f6kkenti a koleszterin szintet, felfriss\u00edti \u00e9s fiatal\u00edtja a szervezetet.<br \/>Egyes jap\u00e1n,orosz\u00a0 \u00e9s amerikai klinik\u00e1kon toj\u00e1sk\u00far\u00e1kat is kidolgoztak.<br \/>Ezek szerint a magas v\u00e9rnyom\u00e1s, az em\u00e9szt\u00e9si zavarok, a gyomorfek\u00e9ly, az \u00e9relmeszesed\u00e9s k\u00far\u00e1l\u00e1s\u00e1ra 120, <br \/>a cukorbetegs\u00e9g, a migr\u00e9nes fejf\u00e1j\u00e1s, m\u00e1jbetegs\u00e9gek, asztma, v\u00e9rszeg\u00e9nys\u00e9g, vesebetegs\u00e9gek v\u00e9rszeg\u00e9nys\u00e9g \u00e9s az \u00e1ltal\u00e1nos \u00e1llapot jav\u00edt\u00e1sa c\u00e9lj\u00e1b\u00f3l alkalmazott k\u00far\u00e1n 240 toj\u00e1st kell elfogyasztani, m\u00e9gpedig \u00fagy , hogy a feln\u0151ttek k\u00e9t napig 3, \u00fajabb k\u00e9t napig 4, majd a k\u00fara befejezt\u00e9ig napi 5 toj\u00e1st fogyasztanak el, a gyerekek az els\u0151 napokon 1-2,a tov\u00e1bbiakban legfeljebb 3 toj\u00e1st ehetnek naponta.<br \/>K\u00faraszer\u0171 alkalmaz\u00e1s\u00e1n\u00e1l a toj\u00e1st nyersen enyh\u00e9n s\u00f3zva, vagy cukrozva, vagy m\u00e9zzel kell fogyasztani.<br \/>A k\u00fara\u00a0 k\u00e9t h\u00f3nap kihagy\u00e1sa ut\u00e1n ism\u00e9telhet\u0151.<br \/>Akinek epeb\u00e1ntalmai vannak, \u00f3vatosan, 1 toj\u00e1ssal kezdje a k\u00far\u00e1t, \u00e9s ha az ep\u00e9je nem b\u00edrja ,azonnal abba kell hagyni.<\/span><\/p><p>Forr\u00e1s: Czibuly\u00e1s-T\u00f3th<\/p>\t\t\t\t\t\t\t\t<\/div>\n\t\t\t\t<\/div>\n\t\t\t\t\t<\/div>\n\t\t\t\t<\/div>\n\t\t<div class=\"elementor-element elementor-element-cfcc8ba e-con-full e-flex e-con e-parent\" data-id=\"cfcc8ba\" data-element_type=\"container\" data-e-type=\"container\">\n\t\t\t\t<div class=\"elementor-element elementor-element-0558336 elementor-widget elementor-widget-heading\" data-id=\"0558336\" data-element_type=\"widget\" data-e-type=\"widget\" data-widget_type=\"heading.default\">\n\t\t\t\t<div class=\"elementor-widget-container\">\n\t\t\t\t\t<h2 class=\"elementor-heading-title elementor-size-default\">Kedves L\u00e1togat\u00f3! T\u00e1j\u00e9koztatjuk, hogy a honlap felhaszn\u00e1l\u00f3i \u00e9lm\u00e9ny fokoz\u00e1s\u00e1nak \u00e9rdek\u00e9ben s\u00fctiket alkalmazunk. A honlapunk haszn\u00e1lat\u00e1val \u00f6n a t\u00e1j\u00e9koztat\u00e1sunkat tudom\u00e1sul veszi.<\/h2>\t\t\t\t<\/div>\n\t\t\t\t<\/div>\n\t\t\t\t<\/div>\n\t\t\t\t<\/div>\n\t\t","protected":false},"excerpt":{"rendered":"<p>\u00dcdv\u00f6z\u00f6llek! A F\u00fcrjtoj\u00e1s j\u00f3t\u00e9kony hat\u00e1sa \u00a0 \u00a0 \u00c1ltal\u00e1nos tudnival\u00f3k A f\u00fcrjtoj\u00e1s \u00ednyencs\u00e9gnek sz\u00e1m\u00edt\u00f3 toj\u00e1sfajta.A f\u00fcrjtoj\u00e1s igen apr\u00f3 m\u00e9ret\u0171, h\u00e9ja feh\u00e9r alapon barna pettyes, ami a leggyakoribb, de a sz\u00edne \u00e9s rajzolata mind\u00edg m\u00e1s, alakja megegyezik a norm\u00e1l toj\u00e1s\u00e9val.Egy toj\u00e1s s\u00falya kb. 10 gramm, energiatartalma 15 kcal. M\u00e9ret\u00e9t \u00e9s bel tartalm\u00e1t tekintve egy ty\u00faktoj\u00e1s 4-5 darab [&hellip;]<\/p>\n","protected":false},"author":1,"featured_media":14,"parent":0,"menu_order":0,"comment_status":"closed","ping_status":"closed","template":"","meta":{"_seopress_robots_primary_cat":"","_seopress_titles_title":"","_seopress_titles_desc":"","_seopress_robots_index":"","ocean_post_layout":"full-screen","ocean_both_sidebars_style":"","ocean_both_sidebars_content_width":0,"ocean_both_sidebars_sidebars_width":0,"ocean_sidebar":"","ocean_second_sidebar":"","ocean_disable_margins":"enable","ocean_add_body_class":"","ocean_shortcode_before_top_bar":"","ocean_shortcode_after_top_bar":"","ocean_shortcode_before_header":"","ocean_shortcode_after_header":"","ocean_has_shortcode":"","ocean_shortcode_after_title":"","ocean_shortcode_before_footer_widgets":"","ocean_shortcode_after_footer_widgets":"","ocean_shortcode_before_footer_bottom":"","ocean_shortcode_after_footer_bottom":"","ocean_display_top_bar":"off","ocean_display_header":"off","ocean_header_style":"","ocean_center_header_left_menu":"","ocean_custom_header_template":"","ocean_custom_logo":15,"ocean_custom_retina_logo":0,"ocean_custom_logo_max_width":0,"ocean_custom_logo_tablet_max_width":0,"ocean_custom_logo_mobile_max_width":0,"ocean_custom_logo_max_height":0,"ocean_custom_logo_tablet_max_height":0,"ocean_custom_logo_mobile_max_height":0,"ocean_header_custom_menu":"","ocean_menu_typo_font_family":"","ocean_menu_typo_font_subset":"","ocean_menu_typo_font_size":0,"ocean_menu_typo_font_size_tablet":0,"ocean_menu_typo_font_size_mobile":0,"ocean_menu_typo_font_size_unit":"px","ocean_menu_typo_font_weight":"","ocean_menu_typo_font_weight_tablet":"","ocean_menu_typo_font_weight_mobile":"","ocean_menu_typo_transform":"","ocean_menu_typo_transform_tablet":"","ocean_menu_typo_transform_mobile":"","ocean_menu_typo_line_height":0,"ocean_menu_typo_line_height_tablet":0,"ocean_menu_typo_line_height_mobile":0,"ocean_menu_typo_line_height_unit":"","ocean_menu_typo_spacing":0,"ocean_menu_typo_spacing_tablet":0,"ocean_menu_typo_spacing_mobile":0,"ocean_menu_typo_spacing_unit":"","ocean_menu_link_color":"","ocean_menu_link_color_hover":"","ocean_menu_link_color_active":"","ocean_menu_link_background":"","ocean_menu_link_hover_background":"","ocean_menu_link_active_background":"","ocean_menu_social_links_bg":"","ocean_menu_social_hover_links_bg":"","ocean_menu_social_links_color":"","ocean_menu_social_hover_links_color":"","ocean_disable_title":"on","ocean_disable_heading":"default","ocean_post_title":"","ocean_post_subheading":"","ocean_post_title_style":"","ocean_post_title_background_color":"","ocean_post_title_background":0,"ocean_post_title_bg_image_position":"","ocean_post_title_bg_image_attachment":"","ocean_post_title_bg_image_repeat":"","ocean_post_title_bg_image_size":"","ocean_post_title_height":0,"ocean_post_title_bg_overlay":0.5,"ocean_post_title_bg_overlay_color":"","ocean_disable_breadcrumbs":"default","ocean_breadcrumbs_color":"","ocean_breadcrumbs_separator_color":"","ocean_breadcrumbs_links_color":"","ocean_breadcrumbs_links_hover_color":"","ocean_display_footer_widgets":"off","ocean_display_footer_bottom":"off","ocean_custom_footer_template":"","footnotes":""},"class_list":["post-2","page","type-page","status-publish","has-post-thumbnail","hentry","entry","has-media"],"_links":{"self":[{"href":"https:\/\/pottyostojas.hu\/index.php?rest_route=\/wp\/v2\/pages\/2","targetHints":{"allow":["GET"]}}],"collection":[{"href":"https:\/\/pottyostojas.hu\/index.php?rest_route=\/wp\/v2\/pages"}],"about":[{"href":"https:\/\/pottyostojas.hu\/index.php?rest_route=\/wp\/v2\/types\/page"}],"author":[{"embeddable":true,"href":"https:\/\/pottyostojas.hu\/index.php?rest_route=\/wp\/v2\/users\/1"}],"replies":[{"embeddable":true,"href":"https:\/\/pottyostojas.hu\/index.php?rest_route=%2Fwp%2Fv2%2Fcomments&post=2"}],"version-history":[{"count":114,"href":"https:\/\/pottyostojas.hu\/index.php?rest_route=\/wp\/v2\/pages\/2\/revisions"}],"predecessor-version":[{"id":141,"href":"https:\/\/pottyostojas.hu\/index.php?rest_route=\/wp\/v2\/pages\/2\/revisions\/141"}],"wp:featuredmedia":[{"embeddable":true,"href":"https:\/\/pottyostojas.hu\/index.php?rest_route=\/wp\/v2\/media\/14"}],"wp:attachment":[{"href":"https:\/\/pottyostojas.hu\/index.php?rest_route=%2Fwp%2Fv2%2Fmedia&parent=2"}],"curies":[{"name":"wp","href":"https:\/\/api.w.org\/{rel}","templated":true}]}}